{"id":998,"date":"2025-10-07T16:10:48","date_gmt":"2025-10-07T13:10:48","guid":{"rendered":"http:\/\/atma.lv\/pirkuma-veiksana\/"},"modified":"2025-12-15T18:54:44","modified_gmt":"2025-12-15T16:54:44","slug":"pirkuma-veiksana","status":"publish","type":"page","link":"https:\/\/atma.lv\/ru\/pirkuma-veiksana\/","title":{"rendered":"Veikt pas\u016bt\u012bjumu"},"content":{"rendered":"<p>[woocommerce_checkout]<\/p>","protected":false},"excerpt":{"rendered":"","protected":false},"author":1,"featured_media":0,"parent":0,"menu_order":0,"comment_status":"closed","ping_status":"closed","template":"","meta":{"_acf_changed":false,"footnotes":""},"class_list":["post-998","page","type-page","status-publish","hentry"],"blocksy_meta":{"background":{"background_type":"color","background_pattern":"type-1","background_image":{"attachment_id":null,"x":0,"y":0},"gradient":"linear-gradient(135deg,rgba(6,147,227,1) 0%,rgb(155,81,224) 100%)","background_repeat":"repeat","background_size":"auto","background_attachment":"scroll","patternColor":{"default":{"color":"#e5e7ea"}},"overlayColor":{"default":{"color":"CT_CSS_SKIP_RULE"}},"backgroundColor":{"default":{"color":"var(--theme-palette-color-8)"}}},"styles_descriptor":{"styles":{"desktop":"[data-prefix=\"single_page\"] {background-color:var(--theme-palette-color-8);background-image:none;}","tablet":"","mobile":""},"google_fonts":[],"version":6}},"acf":[],"yoast_head":"<!-- This site is optimized with the Yoast SEO plugin v26.8 - https:\/\/yoast.com\/product\/yoast-seo-wordpress\/ -->\n<title>Veikt pas\u016bt\u012bjumu - Atma<\/title>\n<meta name=\"robots\" content=\"index, follow, max-snippet:-1, max-image-preview:large, max-video-preview:-1\" \/>\n<link rel=\"canonical\" href=\"https:\/\/atma.lv\/ru\/pirkuma-veiksana\/\" \/>\n<meta property=\"og:locale\" content=\"ru_RU\" \/>\n<meta property=\"og:type\" content=\"article\" \/>\n<meta property=\"og:title\" content=\"Veikt pas\u016bt\u012bjumu - Atma\" \/>\n<meta property=\"og:url\" content=\"https:\/\/atma.lv\/ru\/pirkuma-veiksana\/\" \/>\n<meta property=\"og:site_name\" content=\"Atma\" \/>\n<meta property=\"article:modified_time\" content=\"2025-12-15T16:54:44+00:00\" \/>\n<meta name=\"twitter:card\" content=\"summary_large_image\" \/>\n<script type=\"application\/ld+json\" class=\"yoast-schema-graph\">{\"@context\":\"https:\/\/schema.org\",\"@graph\":[{\"@type\":\"WebPage\",\"@id\":\"https:\/\/atma.lv\/pirkuma-veiksana\/\",\"url\":\"https:\/\/atma.lv\/pirkuma-veiksana\/\",\"name\":\"Veikt pas\u016bt\u012bjumu - Atma\",\"isPartOf\":{\"@id\":\"https:\/\/atma.lv\/#website\"},\"datePublished\":\"2025-10-07T13:10:48+00:00\",\"dateModified\":\"2025-12-15T16:54:44+00:00\",\"breadcrumb\":{\"@id\":\"https:\/\/atma.lv\/pirkuma-veiksana\/#breadcrumb\"},\"inLanguage\":\"ru-RU\",\"potentialAction\":[{\"@type\":\"ReadAction\",\"target\":[\"https:\/\/atma.lv\/pirkuma-veiksana\/\"]}]},{\"@type\":\"BreadcrumbList\",\"@id\":\"https:\/\/atma.lv\/pirkuma-veiksana\/#breadcrumb\",\"itemListElement\":[{\"@type\":\"ListItem\",\"position\":1,\"name\":\"Home\",\"item\":\"https:\/\/atma.lv\/\"},{\"@type\":\"ListItem\",\"position\":2,\"name\":\"Veikt pas\u016bt\u012bjumu\"}]},{\"@type\":\"WebSite\",\"@id\":\"https:\/\/atma.lv\/#website\",\"url\":\"https:\/\/atma.lv\/\",\"name\":\"Atma\",\"description\":\"Vad\u0101m jogas nodarb\u012bbas Latvij\u0101 kop\u0161 2008. gada\",\"publisher\":{\"@id\":\"https:\/\/atma.lv\/#organization\"},\"potentialAction\":[{\"@type\":\"SearchAction\",\"target\":{\"@type\":\"EntryPoint\",\"urlTemplate\":\"https:\/\/atma.lv\/?s={search_term_string}\"},\"query-input\":{\"@type\":\"PropertyValueSpecification\",\"valueRequired\":true,\"valueName\":\"search_term_string\"}}],\"inLanguage\":\"ru-RU\"},{\"@type\":\"Organization\",\"@id\":\"https:\/\/atma.lv\/#organization\",\"name\":\"Atma\",\"url\":\"https:\/\/atma.lv\/\",\"logo\":{\"@type\":\"ImageObject\",\"inLanguage\":\"ru-RU\",\"@id\":\"https:\/\/atma.lv\/#\/schema\/logo\/image\/\",\"url\":\"https:\/\/atma.lv\/wp-content\/uploads\/2025\/09\/Logo-white.svg\",\"contentUrl\":\"https:\/\/atma.lv\/wp-content\/uploads\/2025\/09\/Logo-white.svg\",\"width\":250,\"height\":49,\"caption\":\"Atma\"},\"image\":{\"@id\":\"https:\/\/atma.lv\/#\/schema\/logo\/image\/\"}}]}<\/script>\n<!-- \/ Yoast SEO plugin. -->","yoast_head_json":{"title":"Veikt pas\u016bt\u012bjumu - Atma","robots":{"index":"index","follow":"follow","max-snippet":"max-snippet:-1","max-image-preview":"max-image-preview:large","max-video-preview":"max-video-preview:-1"},"canonical":"https:\/\/atma.lv\/ru\/pirkuma-veiksana\/","og_locale":"ru_RU","og_type":"article","og_title":"Veikt pas\u016bt\u012bjumu - Atma","og_url":"https:\/\/atma.lv\/ru\/pirkuma-veiksana\/","og_site_name":"Atma","article_modified_time":"2025-12-15T16:54:44+00:00","twitter_card":"summary_large_image","schema":{"@context":"https:\/\/schema.org","@graph":[{"@type":"WebPage","@id":"https:\/\/atma.lv\/pirkuma-veiksana\/","url":"https:\/\/atma.lv\/pirkuma-veiksana\/","name":"Veikt pas\u016bt\u012bjumu - Atma","isPartOf":{"@id":"https:\/\/atma.lv\/#website"},"datePublished":"2025-10-07T13:10:48+00:00","dateModified":"2025-12-15T16:54:44+00:00","breadcrumb":{"@id":"https:\/\/atma.lv\/pirkuma-veiksana\/#breadcrumb"},"inLanguage":"ru-RU","potentialAction":[{"@type":"ReadAction","target":["https:\/\/atma.lv\/pirkuma-veiksana\/"]}]},{"@type":"BreadcrumbList","@id":"https:\/\/atma.lv\/pirkuma-veiksana\/#breadcrumb","itemListElement":[{"@type":"ListItem","position":1,"name":"Home","item":"https:\/\/atma.lv\/"},{"@type":"ListItem","position":2,"name":"Veikt pas\u016bt\u012bjumu"}]},{"@type":"WebSite","@id":"https:\/\/atma.lv\/#website","url":"https:\/\/atma.lv\/","name":"Atma","description":"\u041f\u0440\u0435\u043f\u043e\u0434\u0430\u0451\u043c \u0439\u043e\u0433\u0443 \u0432 \u041b\u0430\u0442\u0432\u0438\u0438 \u0441 2008 \u0433\u043e\u0434\u0430.","publisher":{"@id":"https:\/\/atma.lv\/#organization"},"potentialAction":[{"@type":"SearchAction","target":{"@type":"EntryPoint","urlTemplate":"https:\/\/atma.lv\/?s={search_term_string}"},"query-input":{"@type":"PropertyValueSpecification","valueRequired":true,"valueName":"search_term_string"}}],"inLanguage":"ru-RU"},{"@type":"Organization","@id":"https:\/\/atma.lv\/#organization","name":"Atma","url":"https:\/\/atma.lv\/","logo":{"@type":"ImageObject","inLanguage":"ru-RU","@id":"https:\/\/atma.lv\/#\/schema\/logo\/image\/","url":"https:\/\/atma.lv\/wp-content\/uploads\/2025\/09\/Logo-white.svg","contentUrl":"https:\/\/atma.lv\/wp-content\/uploads\/2025\/09\/Logo-white.svg","width":250,"height":49,"caption":"Atma"},"image":{"@id":"https:\/\/atma.lv\/#\/schema\/logo\/image\/"}}]}},"_links":{"self":[{"href":"https:\/\/atma.lv\/ru\/wp-json\/wp\/v2\/pages\/998","targetHints":{"allow":["GET"]}}],"collection":[{"href":"https:\/\/atma.lv\/ru\/wp-json\/wp\/v2\/pages"}],"about":[{"href":"https:\/\/atma.lv\/ru\/wp-json\/wp\/v2\/types\/page"}],"author":[{"embeddable":true,"href":"https:\/\/atma.lv\/ru\/wp-json\/wp\/v2\/users\/1"}],"replies":[{"embeddable":true,"href":"https:\/\/atma.lv\/ru\/wp-json\/wp\/v2\/comments?post=998"}],"version-history":[{"count":1,"href":"https:\/\/atma.lv\/ru\/wp-json\/wp\/v2\/pages\/998\/revisions"}],"predecessor-version":[{"id":1050,"href":"https:\/\/atma.lv\/ru\/wp-json\/wp\/v2\/pages\/998\/revisions\/1050"}],"wp:attachment":[{"href":"https:\/\/atma.lv\/ru\/wp-json\/wp\/v2\/media?parent=998"}],"curies":[{"name":"wp","href":"https:\/\/api.w.org\/{rel}","templated":true}]}}