{"id":3,"date":"2025-08-20T07:40:25","date_gmt":"2025-08-20T07:40:25","guid":{"rendered":"http:\/\/atma.lv\/?page_id=3"},"modified":"2025-11-24T09:58:20","modified_gmt":"2025-11-24T07:58:20","slug":"privacy-policy","status":"publish","type":"page","link":"https:\/\/atma.lv\/ru\/privacy-policy\/","title":{"rendered":"\u041f\u043e\u043b\u0438\u0442\u0438\u043a\u0430 \u043a\u043e\u043d\u0444\u0438\u0434\u0435\u043d\u0446\u0438\u0430\u043b\u044c\u043d\u043e\u0441\u0442\u0438"},"content":{"rendered":"<p>\u0160\u012b priv\u0101tuma politika inform\u0113 par priv\u0101tuma praksi un personas datu apstr\u0101des principiem saist\u012bb\u0101 ar Biedr\u012bbas \u201cCentrs ATMA\u201d, Re\u0123. nr. 50008156081, <a href=\"https:\/\/www.lursoft.lv\/adrese\/aleksandra-grina-bulvaris-9-12-riga-lv-1002\">R\u012bga, Aleksandra Gr\u012bna bulv\u0101ris 9 &#8211; 12, LV-1002<\/a> (turpm\u0101k &#8211; m\u0113s) m\u0101jas lapu www.atma.lv un biedr\u012bbas pied\u0101v\u0101tajiem pakalpojumiem. Lai sazin\u0101tos saist\u012bb\u0101 ar datu apstr\u0101des jaut\u0101jumiem, l\u016bdzu rakstiet e-pastu uz <a href=\"mailto:atma.lv@gmail.com\">atma.lv@gmail.com<\/a>.<\/p>\n\n\n\n<p>M\u0113s apstr\u0101d\u0101jam j\u016bsu datus, lai sniegtu jums j\u016bsu piepras\u012btos pakalpojumus un izpild\u012btu no tiem izrieto\u0161\u0101s saist\u012bbas. J\u016bsu dati papildus var tikt apstr\u0101d\u0101ti ar\u012b, lai celtu, \u012bstenotu vai aizst\u0101v\u0113tu likum\u012bgas pras\u012bbas, kas var izriet\u0113t no datu apstr\u0101des noteiktam nol\u016bkam.<\/p>\n\n\n\n<h2 class=\"wp-block-heading\">K\u0101du inform\u0101ciju m\u0113s ieg\u016bstam?<\/h2>\n\n\n\n<p>M\u0113s ieg\u016bstam t\u0101dus personas datus, ko j\u016bs mums br\u012bvpr\u0101t\u012bgi sniedzat ar e-pasta starpniec\u012bbu, aizpildot t\u012bmekl\u012b b\u0101z\u0113t\u0101s anketas, veicot pierakstu pakalpojumiem un cit\u0101 tie\u0161\u0101 sazi\u0146\u0101 ar jums.<\/p>\n\n\n\n<ul class=\"wp-block-list\">\n<li>R\u0113\u0137ina sa\u0146em\u0161anai: e-pasta adrese, v\u0101rds, uzv\u0101rds un personas kods vai juridisk\u0101s personas rekviz\u012bti.<\/li>\n\n\n\n<li>Jaunumu sa\u0146em\u0161anai: e-pasta adrese.\u00a0<\/li>\n\n\n\n<li>Veicot pierakstu uz pakalpojumu tie\u0161saistes platform\u0101 <a href=\"https:\/\/lolo.id\/company\/atma-yoga\/\">lolo.id\/company\/atma-yoga\/<\/a>: v\u0101rds, uzv\u0101rds, telefona numurs un epasta adrese.<\/li>\n<\/ul>\n\n\n\n<p>Pakalpojuma apmaksu tie\u0161saist\u0113 nodro\u0161ina SIA LOLO, priv\u0101tuma politika attiec\u012bb\u0101 uz pakalpojuma tie\u0161saistes maks\u0101jumiem atrodama \u0161eit: <a href=\"https:\/\/lolo.id\/privatuma-politika\/\">https:\/\/lolo.id\/privatuma-politika\/<\/a><\/p>\n\n\n\n<h2 class=\"wp-block-heading\">K\u0101 m\u0113s izmantojam ieg\u016btos personas datus?<\/h2>\n\n\n\n<p>M\u0113s varam izmantot ieg\u016btos personas datus, lai<\/p>\n\n\n\n<ul class=\"wp-block-list\">\n<li>sniegtu jums j\u016bsu piepras\u012btos pakalpojumus un inform\u0101ciju,<\/li>\n\n\n\n<li>apstr\u0101d\u0101tu j\u016bsu pas\u016bt\u012bjumus un noform\u0113tu nepiecie\u0161amos dokumentus,<\/li>\n\n\n\n<li>sniegtu jums efekt\u012bvu klientu atbalstu,<\/li>\n\n\n\n<li>pal\u012bdz\u0113tu nov\u0113rst apdraud\u0113jumu vai kr\u0101pnieciskas darb\u012bbas,<\/li>\n\n\n\n<li>nos\u016bt\u012btu jums informat\u012bvus zi\u0146ojumus, ja esat nep\u0101rprotami piekritu\u0161i t\u0101dus sa\u0146emt,<\/li>\n\n\n\n<li>iev\u0113rotu normat\u012bvo aktu pras\u012bbas.<\/li>\n<\/ul>\n\n\n\n<p>M\u0113s varam nodot j\u016bsu inform\u0101ciju tre\u0161aj\u0101m person\u0101m tikai, lai iev\u0113rotu normat\u012bvo aktu pras\u012bbas, sadarbotos ar uzraudz\u012bbas iest\u0101d\u0113m, pal\u012bdz\u0113tu nov\u0113rstu noziedz\u012bgas darb\u012bbas un aizsarg\u0101tu m\u016bsu, j\u016bsu un citu personu likum\u012bg\u0101s ties\u012bbas.<\/p>\n\n\n\n<h2 class=\"wp-block-heading\">K\u0101 m\u0113s aizsarg\u0101jam personas datus?<\/h2>\n\n\n\n<p>J\u016bsu dati tiks glab\u0101ti uz dro\u0161iem serveriem, pielietojot visus sapr\u0101t\u012bgus tehnolo\u0123iskus un organizatoriskus pas\u0101kumus, kas ir pieejami, lai nodro\u0161in\u0101tos pret neat\u013cautu piek\u013cuvi. J\u016bsu personas dati netiks nodoti tre\u0161aj\u0101m person\u0101m rekl\u0101mas vai jebk\u0101dos citos nol\u016bkos. Iz\u0146\u0113mums &#8211; Latvijas Republikas normat\u012bvo aktu pras\u012bbu izpildei.<\/p>\n\n\n\n<h2 class=\"wp-block-heading\">K\u0101das ir J\u016bsu ties\u012bbas attiec\u012bb\u0101 uz personas datu apstr\u0101di?<\/h2>\n\n\n\n<p>Jums ir ties\u012bbas sa\u0146emt inform\u0101ciju par to, k\u0101da veida personas inform\u0101cija tiek apstr\u0101d\u0101ta par jums. J\u016bs jebkur\u0101 br\u012bd\u012b varat piepras\u012bt labot jebk\u0101dus nepareizus personas datus, kas tiek apstr\u0101d\u0101ti par jums. J\u016bs ar\u012b esat ties\u012bgs l\u016bgt dz\u0113st vai ierobe\u017eot personas datu izmanto\u0161anu sazinoties elektroniski uz e-pastu: <a href=\"mailto:atma.lv@gmail.com\">atma.lv@gmail.com<\/a><\/p>\n\n\n\n<p>M\u0113s ap\u0146emamies saglab\u0101t j\u016bsu e-pasta adreses konfidencialit\u0101ti un nenodot . Lai sa\u0146emtu m\u016bsu bezmaksas e-pasta pazi\u0146ojumus, jums m\u0101jas lap\u0101 re\u0123istr\u0113joties ir j\u0101izsaka sava piekri\u0161ana par to sa\u0146em\u0161anu un j\u016bsu datu apstr\u0101di. J\u016bsu dati tiks izmantoti tikai \u0161im konkr\u0113tajam m\u0113r\u0137im. Ja v\u0113l\u0101k izlemsiet, ka turpm\u0101k nev\u0113laties sa\u0146emt \u0161\u0101dus e-pastus par jaunumiem un pied\u0101v\u0101jumiem, j\u016bs varat jebkur\u0101 laik\u0101 atteikties no t\u0101 abon\u0113\u0161anas. Katr\u0101 s\u016bt\u012btaj\u0101 e-pasta zi\u0146\u0101 ir ietverta saite \u201cAtteikties no jaunumiem\u201d. Ja jums k\u0101dreiz ir radu\u0161\u0101s probl\u0113mas atrakst\u012bties, varat nos\u016bt\u012bt mums e-pastu uz adresi atma.lv@gmail.com, pieprasot anul\u0113t turpm\u0101ko e-pasta zi\u0146ojumu abon\u0113\u0161anu.<\/p>\n\n\n\n<h2 class=\"wp-block-heading\">Cik ilgi m\u0113s glab\u0101jam personas datus?<\/h2>\n\n\n\n<p>M\u0113s glab\u0101jam j\u016bsu personas datus tik ilgi, cik ilgi tie ir mums nepiecie\u0161ami atbilsto\u0161i to ieguves m\u0113r\u0137im un k\u0101 to pie\u013cauj vai nosaka Latvijas Republikas normat\u012bvo aktu pras\u012bbas.<\/p>\n\n\n\n<p>Ja re\u0123istr\u0113jaties jaunumu un pied\u0101v\u0101jumu sa\u0146em\u0161anai, \u0161\u012b inform\u0101cija tiek saglab\u0101ta l\u012bdz br\u012bdim, kam\u0113r nav izteiktas piepras\u012bjums par inform\u0101cijas dz\u0113\u0161anu. Persona jebkur\u0101 laik\u0101 var piepras\u012bt redi\u0123\u0113t vai dz\u0113st savu personisko inform\u0101ciju un paust v\u0113lmi turpm\u0101k nesa\u0146emt nek\u0101du inform\u0101ciju.<\/p>\n\n\n\n<h2 class=\"wp-block-heading\">K\u0101 m\u0113s izmantojam s\u012bkdatnes?<\/h2>\n\n\n\n<p>S\u012bkdatnes ir nelielas teksta datnes, ko j\u016bsu apmekl\u0113t\u0101s m\u0101jas lapas saglab\u0101 j\u016bsu dator\u0101. T\u0101s tiek izmantotas, lai nodro\u0161in\u0101tu m\u0101jas lapas darb\u012bbu, k\u0101 ar\u012b lai sniegtu inform\u0101ciju vietnes \u012bpa\u0161niekiem.<\/p>\n\n\n\n<p>\u0160\u012b m\u0101jas lapa var iestat\u012bt sekojo\u0161as s\u012bkdatnes:<\/p>\n\n\n\n<ul class=\"wp-block-list\">\n<li>Funkcion\u0101l\u0101s s\u012bkdatnes. \u0160\u012bs s\u012bkdatnes ir nepiecie\u0161amas, lai j\u016bs sp\u0113tu p\u0101rvietoties m\u0101jas lap\u0101 un lietot t\u0101s funkcijas. Bez \u0161im s\u012bkdatn\u0113m m\u0113s nevaram nodro\u0161in\u0101t j\u016bsu piepras\u012btos pakalpojumus, piem\u0113ram, pre\u010du groza funkcionalit\u0101ti.<\/li>\n\n\n\n<li>Google Analytics s\u012bkdatnes. \u0160\u012bs s\u012bkdatnes lieto, lai ieg\u016btu m\u016bsu m\u0101jas lapas apmekl\u0113juma statistiku. M\u0113s lietojam \u0161o inform\u0101ciju, lai uzlabotu vietnes darb\u012bbu un rekl\u0101mas pas\u0101kumus.<\/li>\n<\/ul>\n\n\n\n<h2 class=\"wp-block-heading\">K\u0101 atteikties no s\u012bkdatn\u0113m?<\/h2>\n\n\n\n<p>Lai atteiktos no s\u012bkdat\u0146u sa\u0146em\u0161anas, j\u016bs varat izmantojot priv\u0101t\u0101s p\u0101rl\u016bko\u0161anas re\u017e\u012bmu, kuru nodro\u0161ina liel\u0101k\u0101 da\u013ca p\u0101rl\u016bkprogrammu (priv\u0101ts logs, inkognito logs vai <em>InPrivate<\/em> logs). Jebk\u0101das s\u012bkdatnes, kas tiek izveidotas, darbojoties priv\u0101t\u0101s p\u0101rl\u016bko\u0161anas re\u017e\u012bm\u0101, tiek dz\u0113stas, tikl\u012bdz j\u016bs aizverat visus p\u0101rl\u016bka logus.<\/p>\n\n\n\n<p>Lai atteiktos no m\u0113r\u0137\u0113tas rekl\u0101mas r\u0101d\u012b\u0161anai nepiecie\u0161am\u0101s inform\u0101cijas ieg\u016b\u0161anas un lieto\u0161anas, j\u016bs varat izmantot bezmaksas r\u012bku <a href=\"https:\/\/www.youronlinechoices.com\/\">Your Online Choices<\/a> vai <a href=\"http:\/\/www.aboutads.info\/\">YourAdChoices<\/a>.<\/p>\n\n\n\n<h2 class=\"wp-block-heading\">Izmai\u0146as Priv\u0101tuma politik\u0101<\/h2>\n\n\n\n<p>Biedr\u012bbas \u201c Centrs ATMA\u201d patur ties\u012bbas jebkur\u0101 laik\u0101 veikt izmai\u0146as \u0161aj\u0101 Priv\u0101tuma politik\u0101. Jebkuri groz\u012bjumi \u0161aj\u0101 Priv\u0101tuma politik\u0101 st\u0101sies sp\u0113k\u0101 to public\u0113\u0161anas dien\u0101<\/p>","protected":false},"excerpt":{"rendered":"<p>\u0160\u012b priv\u0101tuma politika inform\u0113 par priv\u0101tuma praksi un personas datu apstr\u0101des principiem saist\u012bb\u0101 ar Biedr\u012bbas \u201cCentrs ATMA\u201d, Re\u0123. nr. 50008156081, R\u012bga, Aleksandra Gr\u012bna bulv\u0101ris 9 &#8211; 12, LV-1002 (turpm\u0101k &#8211; m\u0113s) m\u0101jas lapu www.atma.lv un biedr\u012bbas pied\u0101v\u0101tajiem pakalpojumiem. Lai sazin\u0101tos saist\u012bb\u0101 ar datu apstr\u0101des jaut\u0101jumiem, l\u016bdzu rakstiet e-pastu uz atma.lv@gmail.com. M\u0113s apstr\u0101d\u0101jam j\u016bsu datus, lai [&hellip;]<\/p>","protected":false},"author":1,"featured_media":0,"parent":0,"menu_order":0,"comment_status":"closed","ping_status":"open","template":"","meta":{"_acf_changed":false,"footnotes":""},"class_list":["post-3","page","type-page","status-publish","hentry"],"blocksy_meta":[],"acf":[],"yoast_head":"<!-- This site is optimized with the Yoast SEO plugin v26.8 - https:\/\/yoast.com\/product\/yoast-seo-wordpress\/ -->\n<title>Priv\u0101tuma politika - Atma<\/title>\n<meta name=\"robots\" content=\"index, follow, max-snippet:-1, max-image-preview:large, max-video-preview:-1\" \/>\n<link rel=\"canonical\" href=\"https:\/\/atma.lv\/ru\/privacy-policy\/\" \/>\n<meta property=\"og:locale\" content=\"ru_RU\" \/>\n<meta property=\"og:type\" content=\"article\" \/>\n<meta property=\"og:title\" content=\"Priv\u0101tuma politika - Atma\" \/>\n<meta property=\"og:description\" content=\"\u0160\u012b priv\u0101tuma politika inform\u0113 par priv\u0101tuma praksi un personas datu apstr\u0101des principiem saist\u012bb\u0101 ar Biedr\u012bbas \u201cCentrs ATMA\u201d, Re\u0123. nr. 50008156081, R\u012bga, Aleksandra Gr\u012bna bulv\u0101ris 9 &#8211; 12, LV-1002 (turpm\u0101k &#8211; m\u0113s) m\u0101jas lapu www.atma.lv un biedr\u012bbas pied\u0101v\u0101tajiem pakalpojumiem. Lai sazin\u0101tos saist\u012bb\u0101 ar datu apstr\u0101des jaut\u0101jumiem, l\u016bdzu rakstiet e-pastu uz atma.lv@gmail.com. M\u0113s apstr\u0101d\u0101jam j\u016bsu datus, lai [&hellip;]\" \/>\n<meta property=\"og:url\" content=\"https:\/\/atma.lv\/ru\/privacy-policy\/\" \/>\n<meta property=\"og:site_name\" content=\"Atma\" \/>\n<meta property=\"article:modified_time\" content=\"2025-11-24T07:58:20+00:00\" \/>\n<meta name=\"twitter:card\" content=\"summary_large_image\" \/>\n<meta name=\"twitter:label1\" content=\"\u041f\u0440\u0438\u043c\u0435\u0440\u043d\u043e\u0435 \u0432\u0440\u0435\u043c\u044f \u0434\u043b\u044f \u0447\u0442\u0435\u043d\u0438\u044f\" \/>\n\t<meta name=\"twitter:data1\" content=\"5 \u043c\u0438\u043d\u0443\u0442\" \/>\n<script type=\"application\/ld+json\" class=\"yoast-schema-graph\">{\"@context\":\"https:\/\/schema.org\",\"@graph\":[{\"@type\":\"WebPage\",\"@id\":\"https:\/\/atma.lv\/privacy-policy\/\",\"url\":\"https:\/\/atma.lv\/privacy-policy\/\",\"name\":\"Priv\u0101tuma politika - Atma\",\"isPartOf\":{\"@id\":\"https:\/\/atma.lv\/#website\"},\"datePublished\":\"2025-08-20T07:40:25+00:00\",\"dateModified\":\"2025-11-24T07:58:20+00:00\",\"breadcrumb\":{\"@id\":\"https:\/\/atma.lv\/privacy-policy\/#breadcrumb\"},\"inLanguage\":\"ru-RU\",\"potentialAction\":[{\"@type\":\"ReadAction\",\"target\":[\"https:\/\/atma.lv\/privacy-policy\/\"]}]},{\"@type\":\"BreadcrumbList\",\"@id\":\"https:\/\/atma.lv\/privacy-policy\/#breadcrumb\",\"itemListElement\":[{\"@type\":\"ListItem\",\"position\":1,\"name\":\"Home\",\"item\":\"https:\/\/atma.lv\/\"},{\"@type\":\"ListItem\",\"position\":2,\"name\":\"Priv\u0101tuma politika\"}]},{\"@type\":\"WebSite\",\"@id\":\"https:\/\/atma.lv\/#website\",\"url\":\"https:\/\/atma.lv\/\",\"name\":\"Atma\",\"description\":\"Vad\u0101m jogas nodarb\u012bbas Latvij\u0101 kop\u0161 2008. gada\",\"publisher\":{\"@id\":\"https:\/\/atma.lv\/#organization\"},\"potentialAction\":[{\"@type\":\"SearchAction\",\"target\":{\"@type\":\"EntryPoint\",\"urlTemplate\":\"https:\/\/atma.lv\/?s={search_term_string}\"},\"query-input\":{\"@type\":\"PropertyValueSpecification\",\"valueRequired\":true,\"valueName\":\"search_term_string\"}}],\"inLanguage\":\"ru-RU\"},{\"@type\":\"Organization\",\"@id\":\"https:\/\/atma.lv\/#organization\",\"name\":\"Atma\",\"url\":\"https:\/\/atma.lv\/\",\"logo\":{\"@type\":\"ImageObject\",\"inLanguage\":\"ru-RU\",\"@id\":\"https:\/\/atma.lv\/#\/schema\/logo\/image\/\",\"url\":\"https:\/\/atma.lv\/wp-content\/uploads\/2025\/09\/Logo-white.svg\",\"contentUrl\":\"https:\/\/atma.lv\/wp-content\/uploads\/2025\/09\/Logo-white.svg\",\"width\":250,\"height\":49,\"caption\":\"Atma\"},\"image\":{\"@id\":\"https:\/\/atma.lv\/#\/schema\/logo\/image\/\"}}]}<\/script>\n<!-- \/ Yoast SEO plugin. -->","yoast_head_json":{"title":"Priv\u0101tuma politika - Atma","robots":{"index":"index","follow":"follow","max-snippet":"max-snippet:-1","max-image-preview":"max-image-preview:large","max-video-preview":"max-video-preview:-1"},"canonical":"https:\/\/atma.lv\/ru\/privacy-policy\/","og_locale":"ru_RU","og_type":"article","og_title":"Priv\u0101tuma politika - Atma","og_description":"\u0160\u012b priv\u0101tuma politika inform\u0113 par priv\u0101tuma praksi un personas datu apstr\u0101des principiem saist\u012bb\u0101 ar Biedr\u012bbas \u201cCentrs ATMA\u201d, Re\u0123. nr. 50008156081, R\u012bga, Aleksandra Gr\u012bna bulv\u0101ris 9 &#8211; 12, LV-1002 (turpm\u0101k &#8211; m\u0113s) m\u0101jas lapu www.atma.lv un biedr\u012bbas pied\u0101v\u0101tajiem pakalpojumiem. Lai sazin\u0101tos saist\u012bb\u0101 ar datu apstr\u0101des jaut\u0101jumiem, l\u016bdzu rakstiet e-pastu uz atma.lv@gmail.com. M\u0113s apstr\u0101d\u0101jam j\u016bsu datus, lai [&hellip;]","og_url":"https:\/\/atma.lv\/ru\/privacy-policy\/","og_site_name":"Atma","article_modified_time":"2025-11-24T07:58:20+00:00","twitter_card":"summary_large_image","twitter_misc":{"\u041f\u0440\u0438\u043c\u0435\u0440\u043d\u043e\u0435 \u0432\u0440\u0435\u043c\u044f \u0434\u043b\u044f \u0447\u0442\u0435\u043d\u0438\u044f":"5 \u043c\u0438\u043d\u0443\u0442"},"schema":{"@context":"https:\/\/schema.org","@graph":[{"@type":"WebPage","@id":"https:\/\/atma.lv\/privacy-policy\/","url":"https:\/\/atma.lv\/privacy-policy\/","name":"Priv\u0101tuma politika - Atma","isPartOf":{"@id":"https:\/\/atma.lv\/#website"},"datePublished":"2025-08-20T07:40:25+00:00","dateModified":"2025-11-24T07:58:20+00:00","breadcrumb":{"@id":"https:\/\/atma.lv\/privacy-policy\/#breadcrumb"},"inLanguage":"ru-RU","potentialAction":[{"@type":"ReadAction","target":["https:\/\/atma.lv\/privacy-policy\/"]}]},{"@type":"BreadcrumbList","@id":"https:\/\/atma.lv\/privacy-policy\/#breadcrumb","itemListElement":[{"@type":"ListItem","position":1,"name":"Home","item":"https:\/\/atma.lv\/"},{"@type":"ListItem","position":2,"name":"Priv\u0101tuma politika"}]},{"@type":"WebSite","@id":"https:\/\/atma.lv\/#website","url":"https:\/\/atma.lv\/","name":"Atma","description":"\u041f\u0440\u0435\u043f\u043e\u0434\u0430\u0451\u043c \u0439\u043e\u0433\u0443 \u0432 \u041b\u0430\u0442\u0432\u0438\u0438 \u0441 2008 \u0433\u043e\u0434\u0430.","publisher":{"@id":"https:\/\/atma.lv\/#organization"},"potentialAction":[{"@type":"SearchAction","target":{"@type":"EntryPoint","urlTemplate":"https:\/\/atma.lv\/?s={search_term_string}"},"query-input":{"@type":"PropertyValueSpecification","valueRequired":true,"valueName":"search_term_string"}}],"inLanguage":"ru-RU"},{"@type":"Organization","@id":"https:\/\/atma.lv\/#organization","name":"Atma","url":"https:\/\/atma.lv\/","logo":{"@type":"ImageObject","inLanguage":"ru-RU","@id":"https:\/\/atma.lv\/#\/schema\/logo\/image\/","url":"https:\/\/atma.lv\/wp-content\/uploads\/2025\/09\/Logo-white.svg","contentUrl":"https:\/\/atma.lv\/wp-content\/uploads\/2025\/09\/Logo-white.svg","width":250,"height":49,"caption":"Atma"},"image":{"@id":"https:\/\/atma.lv\/#\/schema\/logo\/image\/"}}]}},"_links":{"self":[{"href":"https:\/\/atma.lv\/ru\/wp-json\/wp\/v2\/pages\/3","targetHints":{"allow":["GET"]}}],"collection":[{"href":"https:\/\/atma.lv\/ru\/wp-json\/wp\/v2\/pages"}],"about":[{"href":"https:\/\/atma.lv\/ru\/wp-json\/wp\/v2\/types\/page"}],"author":[{"embeddable":true,"href":"https:\/\/atma.lv\/ru\/wp-json\/wp\/v2\/users\/1"}],"replies":[{"embeddable":true,"href":"https:\/\/atma.lv\/ru\/wp-json\/wp\/v2\/comments?post=3"}],"version-history":[{"count":2,"href":"https:\/\/atma.lv\/ru\/wp-json\/wp\/v2\/pages\/3\/revisions"}],"predecessor-version":[{"id":1244,"href":"https:\/\/atma.lv\/ru\/wp-json\/wp\/v2\/pages\/3\/revisions\/1244"}],"wp:attachment":[{"href":"https:\/\/atma.lv\/ru\/wp-json\/wp\/v2\/media?parent=3"}],"curies":[{"name":"wp","href":"https:\/\/api.w.org\/{rel}","templated":true}]}}