{"id":1551,"date":"2025-12-15T19:18:14","date_gmt":"2025-12-15T17:18:14","guid":{"rendered":"http:\/\/atma.lv\/?page_id=1551"},"modified":"2025-12-15T19:24:25","modified_gmt":"2025-12-15T17:24:25","slug":"rekvizitu-forma","status":"publish","type":"page","link":"https:\/\/atma.lv\/ru\/rekvizitu-forma\/","title":{"rendered":"Rekviz\u012btu forma"},"content":{"rendered":"<section class=\"section alignfull\">\n<div class=\"section-container narrow-container column\">\n<h2 class=\"gb-text\">Rekviz\u012btu forma<\/h2>\n\n\n<div class='fluentform ff-inherit-theme-style fluentform_wrapper_9  ff_guten_block ff_guten_block-9'><form data-form_id=\"9\" id=\"fluentform_9\" class=\"frm-fluent-form fluent_form_9 ff-el-form-top ff_form_instance_9_1 ff-form-loading ffs_inherit_theme\" data-form_instance=\"ff_form_instance_9_1\" method=\"POST\" action=\"\" ><fieldset  style=\"border: none!important;margin: 0!important;padding: 0!important;background-color: transparent!important;box-shadow: none!important;outline: none!important; min-inline-size: 100%;\">\n                    <legend class=\"ff_screen_reader_title\" style=\"display: block; margin: 0!important;padding: 0!important;height: 0!important;text-indent: -999999px;width: 0!important;overflow:hidden;\">Forma rekviz\u012btiem<\/legend><input type='hidden' name='__fluent_form_embded_post_id' value='1551' \/><input type=\"hidden\" id=\"_fluentform_9_fluentformnonce\" name=\"_fluentform_9_fluentformnonce\" value=\"0694b22096\" \/><input type=\"hidden\" name=\"_wp_http_referer\" value=\"\/ru\/wp-json\/wp\/v2\/pages\/1551\" \/><div class='ff-el-group'><div class=\"ff-el-input--label ff-el-is-required asterisk-right\"><label for='ff_9_input_text' id='label_ff_9_input_text' aria-label=\"\u0418\u043c\u044f \u0438 \u0444\u0430\u043c\u0438\u043b\u0438\u044f\">\u0418\u043c\u044f \u0438 \u0444\u0430\u043c\u0438\u043b\u0438\u044f<\/label><\/div><div class='ff-el-input--content'><input type=\"text\" name=\"input_text\" class=\"ff-el-form-control\" placeholder=\"\u0418\u043c\u044f \u0438 \u0444\u0430\u043c\u0438\u043b\u0438\u044f\" data-name=\"input_text\" id=\"ff_9_input_text\"  aria-invalid=\"false\" aria-required=\"true\"><\/div><\/div><div class='ff-el-group'><div class=\"ff-el-input--label ff-el-is-required asterisk-right\"><label for='ff_9_email' id='label_ff_9_email' aria-label=\"Epasts\">Epasts<\/label><\/div><div class='ff-el-input--content'><input type=\"email\" name=\"email\" id=\"ff_9_email\" class=\"ff-el-form-control\" placeholder=\"Epasts\" data-name=\"email\"  aria-invalid=\"false\" aria-required=\"true\"><\/div><\/div><div class='ff-el-group'><div class=\"ff-el-input--label ff-el-is-required asterisk-right\"><label for='ff_9_phone' id='label_ff_9_phone' aria-label=\"T\u0101lrunis\">T\u0101lrunis<\/label><\/div><div class='ff-el-input--content'><input name=\"phone\" class=\"ff-el-form-control ff-el-phone\" type=\"tel\" placeholder=\"T\u0101lru\u0146a nr.\" data-name=\"phone\" id=\"ff_9_phone\" inputmode=\"tel\"  aria-invalid='false' aria-required=\"true\"><\/div><\/div><div class='ff-el-group'><div class=\"ff-el-input--label ff-el-is-required asterisk-right\"><label for='ff_9_description' id='label_ff_9_description' aria-label=\"Rekviz\u012bti\">Rekviz\u012bti<\/label><\/div><div class='ff-el-input--content'><textarea aria-required=\"true\" aria-labelledby=\"label_ff_9_description\" name=\"description\" id=\"ff_9_description\" class=\"ff-el-form-control\" rows=\"3\" cols=\"2\" data-name=\"description\" ><\/textarea><\/div><\/div><div class='ff-el-group'><div class=\"ff-el-input--label asterisk-right\"><label for='ff_9_description_1' id='label_ff_9_description_1' aria-label=\"Piez\u012bmes.\">Piez\u012bmes.<\/label><\/div><div class='ff-el-input--content'><textarea aria-required=\"false\" aria-labelledby=\"label_ff_9_description_1\" name=\"description_1\" id=\"ff_9_description_1\" class=\"ff-el-form-control\" rows=\"3\" cols=\"2\" data-name=\"description_1\" ><\/textarea><\/div><\/div><div class='ff-el-group ff-text-left ff_submit_btn_wrapper'><button type=\"submit\" class=\"ff-btn ff-btn-submit ff-btn-md ff_btn_no_style\"  aria-label=\"S\u016bt\u012bt\">S\u016bt\u012bt<\/button><\/div><\/fieldset><input type=\"hidden\" name=\"trp-form-language\" value=\"ru\"\/><\/form><div id='fluentform_9_errors' class='ff-errors-in-stack ff_form_instance_9_1 ff-form-loading_errors ff_form_instance_9_1_errors'><\/div><\/div>            <script type=\"text\/javascript\">\n                window.fluent_form_ff_form_instance_9_1 = {\"id\":\"9\",\"settings\":{\"layout\":{\"labelPlacement\":\"top\",\"asteriskPlacement\":\"asterisk-right\",\"helpMessagePlacement\":\"with_label\",\"errorMessagePlacement\":\"inline\",\"cssClassName\":\"\"},\"restrictions\":{\"denyEmptySubmission\":{\"enabled\":false}}},\"form_instance\":\"ff_form_instance_9_1\",\"form_id_selector\":\"fluentform_9\",\"rules\":{\"input_text\":{\"required\":{\"value\":true,\"message\":\"\\u042d\\u0442\\u043e \\u043f\\u043e\\u043b\\u0435 \\u043e\\u0431\\u044f\\u0437\\u0430\\u0442\\u0435\\u043b\\u044c\\u043d\\u043e\",\"global_message\":\"This field is required\",\"global\":true}},\"email\":{\"required\":{\"value\":true,\"message\":\"\\u042d\\u0442\\u043e \\u043f\\u043e\\u043b\\u0435 \\u043e\\u0431\\u044f\\u0437\\u0430\\u0442\\u0435\\u043b\\u044c\\u043d\\u043e\",\"global_message\":\"This field is required\",\"global\":true},\"email\":{\"value\":true,\"message\":\"\\u042d\\u0442\\u043e \\u043f\\u043e\\u043b\\u0435 \\u0434\\u043e\\u043b\\u0436\\u043d\\u043e \\u0441\\u043e\\u0434\\u0435\\u0440\\u0436\\u0430\\u0442\\u044c \\u0434\\u0435\\u0439\\u0441\\u0442\\u0432\\u0438\\u0442\\u0435\\u043b\\u044c\\u043d\\u044b\\u0439 email\",\"global_message\":\"This field must contain a valid email\",\"global\":true}},\"phone\":{\"required\":{\"value\":true,\"global\":true,\"message\":\"\\u042d\\u0442\\u043e \\u043f\\u043e\\u043b\\u0435 \\u043e\\u0431\\u044f\\u0437\\u0430\\u0442\\u0435\\u043b\\u044c\\u043d\\u043e\",\"global_message\":\"This field is required\"},\"valid_phone_number\":{\"value\":false,\"global\":true,\"message\":\"\\u041d\\u043e\\u043c\\u0435\\u0440 \\u0442\\u0435\\u043b\\u0435\\u0444\\u043e\\u043d\\u0430 \\u043d\\u0435\\u0434\\u0435\\u0439\\u0441\\u0442\\u0432\\u0438\\u0442\\u0435\\u043b\\u0435\\u043d\",\"global_message\":\"Phone number is not valid\"}},\"description\":{\"required\":{\"value\":true,\"message\":\"\\u042d\\u0442\\u043e \\u043f\\u043e\\u043b\\u0435 \\u043e\\u0431\\u044f\\u0437\\u0430\\u0442\\u0435\\u043b\\u044c\\u043d\\u043e\",\"global_message\":\"This field is required\",\"global\":true}},\"description_1\":{\"required\":{\"value\":false,\"message\":\"\\u042d\\u0442\\u043e \\u043f\\u043e\\u043b\\u0435 \\u043e\\u0431\\u044f\\u0437\\u0430\\u0442\\u0435\\u043b\\u044c\\u043d\\u043e\",\"global_message\":\"This field is required\",\"global\":true}}},\"debounce_time\":300};\n                            <\/script>\n            <\/div>\n<\/section>","protected":false},"excerpt":{"rendered":"<p>Rekviz\u012btu forma<\/p>","protected":false},"author":1,"featured_media":0,"parent":0,"menu_order":0,"comment_status":"closed","ping_status":"closed","template":"","meta":{"_acf_changed":false,"footnotes":""},"class_list":["post-1551","page","type-page","status-publish","hentry"],"blocksy_meta":{"has_hero_section":"disabled","styles_descriptor":{"styles":{"desktop":"","tablet":"","mobile":""},"google_fonts":[],"version":6}},"acf":[],"yoast_head":"<!-- This site is optimized with the Yoast SEO plugin v26.8 - https:\/\/yoast.com\/product\/yoast-seo-wordpress\/ -->\n<title>Rekviz\u012btu forma - Atma<\/title>\n<meta name=\"robots\" content=\"index, follow, max-snippet:-1, max-image-preview:large, max-video-preview:-1\" \/>\n<link rel=\"canonical\" href=\"https:\/\/atma.lv\/ru\/rekvizitu-forma\/\" \/>\n<meta property=\"og:locale\" content=\"ru_RU\" \/>\n<meta property=\"og:type\" content=\"article\" \/>\n<meta property=\"og:title\" content=\"Rekviz\u012btu forma - Atma\" \/>\n<meta property=\"og:description\" content=\"Rekviz\u012btu forma\" \/>\n<meta property=\"og:url\" content=\"https:\/\/atma.lv\/ru\/rekvizitu-forma\/\" \/>\n<meta property=\"og:site_name\" content=\"Atma\" \/>\n<meta property=\"article:modified_time\" content=\"2025-12-15T17:24:25+00:00\" \/>\n<meta name=\"twitter:card\" content=\"summary_large_image\" \/>\n<script type=\"application\/ld+json\" class=\"yoast-schema-graph\">{\"@context\":\"https:\/\/schema.org\",\"@graph\":[{\"@type\":\"WebPage\",\"@id\":\"https:\/\/atma.lv\/rekvizitu-forma\/\",\"url\":\"https:\/\/atma.lv\/rekvizitu-forma\/\",\"name\":\"Rekviz\u012btu forma - Atma\",\"isPartOf\":{\"@id\":\"https:\/\/atma.lv\/#website\"},\"datePublished\":\"2025-12-15T17:18:14+00:00\",\"dateModified\":\"2025-12-15T17:24:25+00:00\",\"breadcrumb\":{\"@id\":\"https:\/\/atma.lv\/rekvizitu-forma\/#breadcrumb\"},\"inLanguage\":\"ru-RU\",\"potentialAction\":[{\"@type\":\"ReadAction\",\"target\":[\"https:\/\/atma.lv\/rekvizitu-forma\/\"]}]},{\"@type\":\"BreadcrumbList\",\"@id\":\"https:\/\/atma.lv\/rekvizitu-forma\/#breadcrumb\",\"itemListElement\":[{\"@type\":\"ListItem\",\"position\":1,\"name\":\"Home\",\"item\":\"https:\/\/atma.lv\/\"},{\"@type\":\"ListItem\",\"position\":2,\"name\":\"Rekviz\u012btu forma\"}]},{\"@type\":\"WebSite\",\"@id\":\"https:\/\/atma.lv\/#website\",\"url\":\"https:\/\/atma.lv\/\",\"name\":\"Atma\",\"description\":\"Vad\u0101m jogas nodarb\u012bbas Latvij\u0101 kop\u0161 2008. gada\",\"publisher\":{\"@id\":\"https:\/\/atma.lv\/#organization\"},\"potentialAction\":[{\"@type\":\"SearchAction\",\"target\":{\"@type\":\"EntryPoint\",\"urlTemplate\":\"https:\/\/atma.lv\/?s={search_term_string}\"},\"query-input\":{\"@type\":\"PropertyValueSpecification\",\"valueRequired\":true,\"valueName\":\"search_term_string\"}}],\"inLanguage\":\"ru-RU\"},{\"@type\":\"Organization\",\"@id\":\"https:\/\/atma.lv\/#organization\",\"name\":\"Atma\",\"url\":\"https:\/\/atma.lv\/\",\"logo\":{\"@type\":\"ImageObject\",\"inLanguage\":\"ru-RU\",\"@id\":\"https:\/\/atma.lv\/#\/schema\/logo\/image\/\",\"url\":\"https:\/\/atma.lv\/wp-content\/uploads\/2025\/09\/Logo-white.svg\",\"contentUrl\":\"https:\/\/atma.lv\/wp-content\/uploads\/2025\/09\/Logo-white.svg\",\"width\":250,\"height\":49,\"caption\":\"Atma\"},\"image\":{\"@id\":\"https:\/\/atma.lv\/#\/schema\/logo\/image\/\"}}]}<\/script>\n<!-- \/ Yoast SEO plugin. -->","yoast_head_json":{"title":"Rekviz\u012btu forma - Atma","robots":{"index":"index","follow":"follow","max-snippet":"max-snippet:-1","max-image-preview":"max-image-preview:large","max-video-preview":"max-video-preview:-1"},"canonical":"https:\/\/atma.lv\/ru\/rekvizitu-forma\/","og_locale":"ru_RU","og_type":"article","og_title":"Rekviz\u012btu forma - Atma","og_description":"Rekviz\u012btu forma","og_url":"https:\/\/atma.lv\/ru\/rekvizitu-forma\/","og_site_name":"Atma","article_modified_time":"2025-12-15T17:24:25+00:00","twitter_card":"summary_large_image","schema":{"@context":"https:\/\/schema.org","@graph":[{"@type":"WebPage","@id":"https:\/\/atma.lv\/rekvizitu-forma\/","url":"https:\/\/atma.lv\/rekvizitu-forma\/","name":"Rekviz\u012btu forma - Atma","isPartOf":{"@id":"https:\/\/atma.lv\/#website"},"datePublished":"2025-12-15T17:18:14+00:00","dateModified":"2025-12-15T17:24:25+00:00","breadcrumb":{"@id":"https:\/\/atma.lv\/rekvizitu-forma\/#breadcrumb"},"inLanguage":"ru-RU","potentialAction":[{"@type":"ReadAction","target":["https:\/\/atma.lv\/rekvizitu-forma\/"]}]},{"@type":"BreadcrumbList","@id":"https:\/\/atma.lv\/rekvizitu-forma\/#breadcrumb","itemListElement":[{"@type":"ListItem","position":1,"name":"Home","item":"https:\/\/atma.lv\/"},{"@type":"ListItem","position":2,"name":"Rekviz\u012btu forma"}]},{"@type":"WebSite","@id":"https:\/\/atma.lv\/#website","url":"https:\/\/atma.lv\/","name":"Atma","description":"\u041f\u0440\u0435\u043f\u043e\u0434\u0430\u0451\u043c \u0439\u043e\u0433\u0443 \u0432 \u041b\u0430\u0442\u0432\u0438\u0438 \u0441 2008 \u0433\u043e\u0434\u0430.","publisher":{"@id":"https:\/\/atma.lv\/#organization"},"potentialAction":[{"@type":"SearchAction","target":{"@type":"EntryPoint","urlTemplate":"https:\/\/atma.lv\/?s={search_term_string}"},"query-input":{"@type":"PropertyValueSpecification","valueRequired":true,"valueName":"search_term_string"}}],"inLanguage":"ru-RU"},{"@type":"Organization","@id":"https:\/\/atma.lv\/#organization","name":"Atma","url":"https:\/\/atma.lv\/","logo":{"@type":"ImageObject","inLanguage":"ru-RU","@id":"https:\/\/atma.lv\/#\/schema\/logo\/image\/","url":"https:\/\/atma.lv\/wp-content\/uploads\/2025\/09\/Logo-white.svg","contentUrl":"https:\/\/atma.lv\/wp-content\/uploads\/2025\/09\/Logo-white.svg","width":250,"height":49,"caption":"Atma"},"image":{"@id":"https:\/\/atma.lv\/#\/schema\/logo\/image\/"}}]}},"_links":{"self":[{"href":"https:\/\/atma.lv\/ru\/wp-json\/wp\/v2\/pages\/1551","targetHints":{"allow":["GET"]}}],"collection":[{"href":"https:\/\/atma.lv\/ru\/wp-json\/wp\/v2\/pages"}],"about":[{"href":"https:\/\/atma.lv\/ru\/wp-json\/wp\/v2\/types\/page"}],"author":[{"embeddable":true,"href":"https:\/\/atma.lv\/ru\/wp-json\/wp\/v2\/users\/1"}],"replies":[{"embeddable":true,"href":"https:\/\/atma.lv\/ru\/wp-json\/wp\/v2\/comments?post=1551"}],"version-history":[{"count":2,"href":"https:\/\/atma.lv\/ru\/wp-json\/wp\/v2\/pages\/1551\/revisions"}],"predecessor-version":[{"id":1553,"href":"https:\/\/atma.lv\/ru\/wp-json\/wp\/v2\/pages\/1551\/revisions\/1553"}],"wp:attachment":[{"href":"https:\/\/atma.lv\/ru\/wp-json\/wp\/v2\/media?parent=1551"}],"curies":[{"name":"wp","href":"https:\/\/api.w.org\/{rel}","templated":true}]}}