{"id":1531,"date":"2025-12-15T17:29:22","date_gmt":"2025-12-15T15:29:22","guid":{"rendered":"http:\/\/atma.lv\/?page_id=1531"},"modified":"2025-12-15T17:29:22","modified_gmt":"2025-12-15T15:29:22","slug":"ziedojumi","status":"publish","type":"page","link":"https:\/\/atma.lv\/ru\/ziedojumi\/","title":{"rendered":"Ziedojumi"},"content":{"rendered":"<section class=\"section alignfull\">\n<div class=\"section-container grid-2\">\n<img loading=\"lazy\" decoding=\"async\" width=\"836\" height=\"834\" class=\"has-round-corners gb-media-0a853f76\" alt=\"\" title=\"Saudziga_joga\" src=\"http:\/\/atma.lv\/wp-content\/uploads\/2023\/06\/Saudziga_joga.jpg\" srcset=\"https:\/\/atma.lv\/wp-content\/uploads\/2023\/06\/Saudziga_joga.jpg 836w, https:\/\/atma.lv\/wp-content\/uploads\/2023\/06\/Saudziga_joga-300x300.jpg 300w, https:\/\/atma.lv\/wp-content\/uploads\/2023\/06\/Saudziga_joga-100x100.jpg 100w, https:\/\/atma.lv\/wp-content\/uploads\/2023\/06\/Saudziga_joga-600x599.jpg 600w, https:\/\/atma.lv\/wp-content\/uploads\/2023\/06\/Saudziga_joga-500x500.jpg 500w, https:\/\/atma.lv\/wp-content\/uploads\/2023\/06\/Saudziga_joga-150x150.jpg 150w, https:\/\/atma.lv\/wp-content\/uploads\/2023\/06\/Saudziga_joga-768x766.jpg 768w, https:\/\/atma.lv\/wp-content\/uploads\/2023\/06\/Saudziga_joga-12x12.jpg 12w\" sizes=\"auto, (max-width: 836px) 100vw, 836px\" \/>\n\n\n<p>[wcdp_donation_form id=&#8221;1530&#8243;]<\/p>\n<\/div>\n<\/section>","protected":false},"excerpt":{"rendered":"","protected":false},"author":1,"featured_media":0,"parent":0,"menu_order":0,"comment_status":"closed","ping_status":"closed","template":"","meta":{"_acf_changed":false,"footnotes":""},"class_list":["post-1531","page","type-page","status-publish","hentry"],"blocksy_meta":[],"acf":[],"yoast_head":"<!-- This site is optimized with the Yoast SEO plugin v26.8 - https:\/\/yoast.com\/product\/yoast-seo-wordpress\/ -->\n<title>Ziedojumi - Atma<\/title>\n<meta name=\"robots\" content=\"index, follow, max-snippet:-1, max-image-preview:large, max-video-preview:-1\" \/>\n<link rel=\"canonical\" href=\"https:\/\/atma.lv\/ru\/ziedojumi\/\" \/>\n<meta property=\"og:locale\" content=\"ru_RU\" \/>\n<meta property=\"og:type\" content=\"article\" \/>\n<meta property=\"og:title\" content=\"Ziedojumi - Atma\" \/>\n<meta property=\"og:url\" content=\"https:\/\/atma.lv\/ru\/ziedojumi\/\" \/>\n<meta property=\"og:site_name\" content=\"Atma\" \/>\n<meta property=\"og:image\" content=\"http:\/\/atma.lv\/wp-content\/uploads\/2023\/06\/Saudziga_joga.jpg\" \/>\n<meta name=\"twitter:card\" content=\"summary_large_image\" \/>\n<script type=\"application\/ld+json\" class=\"yoast-schema-graph\">{\"@context\":\"https:\/\/schema.org\",\"@graph\":[{\"@type\":\"WebPage\",\"@id\":\"https:\/\/atma.lv\/ziedojumi\/\",\"url\":\"https:\/\/atma.lv\/ziedojumi\/\",\"name\":\"Ziedojumi - Atma\",\"isPartOf\":{\"@id\":\"https:\/\/atma.lv\/#website\"},\"primaryImageOfPage\":{\"@id\":\"https:\/\/atma.lv\/ziedojumi\/#primaryimage\"},\"image\":{\"@id\":\"https:\/\/atma.lv\/ziedojumi\/#primaryimage\"},\"thumbnailUrl\":\"http:\/\/atma.lv\/wp-content\/uploads\/2023\/06\/Saudziga_joga.jpg\",\"datePublished\":\"2025-12-15T15:29:22+00:00\",\"breadcrumb\":{\"@id\":\"https:\/\/atma.lv\/ziedojumi\/#breadcrumb\"},\"inLanguage\":\"ru-RU\",\"potentialAction\":[{\"@type\":\"ReadAction\",\"target\":[\"https:\/\/atma.lv\/ziedojumi\/\"]}]},{\"@type\":\"ImageObject\",\"inLanguage\":\"ru-RU\",\"@id\":\"https:\/\/atma.lv\/ziedojumi\/#primaryimage\",\"url\":\"http:\/\/atma.lv\/wp-content\/uploads\/2023\/06\/Saudziga_joga.jpg\",\"contentUrl\":\"http:\/\/atma.lv\/wp-content\/uploads\/2023\/06\/Saudziga_joga.jpg\"},{\"@type\":\"BreadcrumbList\",\"@id\":\"https:\/\/atma.lv\/ziedojumi\/#breadcrumb\",\"itemListElement\":[{\"@type\":\"ListItem\",\"position\":1,\"name\":\"Home\",\"item\":\"https:\/\/atma.lv\/\"},{\"@type\":\"ListItem\",\"position\":2,\"name\":\"Ziedojumi\"}]},{\"@type\":\"WebSite\",\"@id\":\"https:\/\/atma.lv\/#website\",\"url\":\"https:\/\/atma.lv\/\",\"name\":\"Atma\",\"description\":\"Vad\u0101m jogas nodarb\u012bbas Latvij\u0101 kop\u0161 2008. gada\",\"publisher\":{\"@id\":\"https:\/\/atma.lv\/#organization\"},\"potentialAction\":[{\"@type\":\"SearchAction\",\"target\":{\"@type\":\"EntryPoint\",\"urlTemplate\":\"https:\/\/atma.lv\/?s={search_term_string}\"},\"query-input\":{\"@type\":\"PropertyValueSpecification\",\"valueRequired\":true,\"valueName\":\"search_term_string\"}}],\"inLanguage\":\"ru-RU\"},{\"@type\":\"Organization\",\"@id\":\"https:\/\/atma.lv\/#organization\",\"name\":\"Atma\",\"url\":\"https:\/\/atma.lv\/\",\"logo\":{\"@type\":\"ImageObject\",\"inLanguage\":\"ru-RU\",\"@id\":\"https:\/\/atma.lv\/#\/schema\/logo\/image\/\",\"url\":\"https:\/\/atma.lv\/wp-content\/uploads\/2025\/09\/Logo-white.svg\",\"contentUrl\":\"https:\/\/atma.lv\/wp-content\/uploads\/2025\/09\/Logo-white.svg\",\"width\":250,\"height\":49,\"caption\":\"Atma\"},\"image\":{\"@id\":\"https:\/\/atma.lv\/#\/schema\/logo\/image\/\"}}]}<\/script>\n<!-- \/ Yoast SEO plugin. -->","yoast_head_json":{"title":"Ziedojumi - Atma","robots":{"index":"index","follow":"follow","max-snippet":"max-snippet:-1","max-image-preview":"max-image-preview:large","max-video-preview":"max-video-preview:-1"},"canonical":"https:\/\/atma.lv\/ru\/ziedojumi\/","og_locale":"ru_RU","og_type":"article","og_title":"Ziedojumi - Atma","og_url":"https:\/\/atma.lv\/ru\/ziedojumi\/","og_site_name":"Atma","og_image":[{"url":"http:\/\/atma.lv\/wp-content\/uploads\/2023\/06\/Saudziga_joga.jpg","type":"","width":"","height":""}],"twitter_card":"summary_large_image","schema":{"@context":"https:\/\/schema.org","@graph":[{"@type":"WebPage","@id":"https:\/\/atma.lv\/ziedojumi\/","url":"https:\/\/atma.lv\/ziedojumi\/","name":"Ziedojumi - Atma","isPartOf":{"@id":"https:\/\/atma.lv\/#website"},"primaryImageOfPage":{"@id":"https:\/\/atma.lv\/ziedojumi\/#primaryimage"},"image":{"@id":"https:\/\/atma.lv\/ziedojumi\/#primaryimage"},"thumbnailUrl":"http:\/\/atma.lv\/wp-content\/uploads\/2023\/06\/Saudziga_joga.jpg","datePublished":"2025-12-15T15:29:22+00:00","breadcrumb":{"@id":"https:\/\/atma.lv\/ziedojumi\/#breadcrumb"},"inLanguage":"ru-RU","potentialAction":[{"@type":"ReadAction","target":["https:\/\/atma.lv\/ziedojumi\/"]}]},{"@type":"ImageObject","inLanguage":"ru-RU","@id":"https:\/\/atma.lv\/ziedojumi\/#primaryimage","url":"http:\/\/atma.lv\/wp-content\/uploads\/2023\/06\/Saudziga_joga.jpg","contentUrl":"http:\/\/atma.lv\/wp-content\/uploads\/2023\/06\/Saudziga_joga.jpg"},{"@type":"BreadcrumbList","@id":"https:\/\/atma.lv\/ziedojumi\/#breadcrumb","itemListElement":[{"@type":"ListItem","position":1,"name":"Home","item":"https:\/\/atma.lv\/"},{"@type":"ListItem","position":2,"name":"Ziedojumi"}]},{"@type":"WebSite","@id":"https:\/\/atma.lv\/#website","url":"https:\/\/atma.lv\/","name":"Atma","description":"\u041f\u0440\u0435\u043f\u043e\u0434\u0430\u0451\u043c \u0439\u043e\u0433\u0443 \u0432 \u041b\u0430\u0442\u0432\u0438\u0438 \u0441 2008 \u0433\u043e\u0434\u0430.","publisher":{"@id":"https:\/\/atma.lv\/#organization"},"potentialAction":[{"@type":"SearchAction","target":{"@type":"EntryPoint","urlTemplate":"https:\/\/atma.lv\/?s={search_term_string}"},"query-input":{"@type":"PropertyValueSpecification","valueRequired":true,"valueName":"search_term_string"}}],"inLanguage":"ru-RU"},{"@type":"Organization","@id":"https:\/\/atma.lv\/#organization","name":"Atma","url":"https:\/\/atma.lv\/","logo":{"@type":"ImageObject","inLanguage":"ru-RU","@id":"https:\/\/atma.lv\/#\/schema\/logo\/image\/","url":"https:\/\/atma.lv\/wp-content\/uploads\/2025\/09\/Logo-white.svg","contentUrl":"https:\/\/atma.lv\/wp-content\/uploads\/2025\/09\/Logo-white.svg","width":250,"height":49,"caption":"Atma"},"image":{"@id":"https:\/\/atma.lv\/#\/schema\/logo\/image\/"}}]}},"_links":{"self":[{"href":"https:\/\/atma.lv\/ru\/wp-json\/wp\/v2\/pages\/1531","targetHints":{"allow":["GET"]}}],"collection":[{"href":"https:\/\/atma.lv\/ru\/wp-json\/wp\/v2\/pages"}],"about":[{"href":"https:\/\/atma.lv\/ru\/wp-json\/wp\/v2\/types\/page"}],"author":[{"embeddable":true,"href":"https:\/\/atma.lv\/ru\/wp-json\/wp\/v2\/users\/1"}],"replies":[{"embeddable":true,"href":"https:\/\/atma.lv\/ru\/wp-json\/wp\/v2\/comments?post=1531"}],"version-history":[{"count":1,"href":"https:\/\/atma.lv\/ru\/wp-json\/wp\/v2\/pages\/1531\/revisions"}],"predecessor-version":[{"id":1532,"href":"https:\/\/atma.lv\/ru\/wp-json\/wp\/v2\/pages\/1531\/revisions\/1532"}],"wp:attachment":[{"href":"https:\/\/atma.lv\/ru\/wp-json\/wp\/v2\/media?parent=1531"}],"curies":[{"name":"wp","href":"https:\/\/api.w.org\/{rel}","templated":true}]}}