{"id":1409,"date":"2025-12-11T11:20:12","date_gmt":"2025-12-11T09:20:12","guid":{"rendered":"http:\/\/atma.lv\/?page_id=1409"},"modified":"2026-01-12T10:46:21","modified_gmt":"2026-01-12T08:46:21","slug":"biedriem","status":"publish","type":"page","link":"https:\/\/atma.lv\/ru\/mes\/biedriem\/","title":{"rendered":"\u0414\u043b\u044f \u0447\u043b\u0435\u043d\u043e\u0432 \u0441\u043e\u043e\u0431\u0449\u0435\u0441\u0442\u0432\u0430"},"content":{"rendered":"<div class=\"section alignfull\">\n<div class=\"section-container\">\n<img loading=\"lazy\" decoding=\"async\" width=\"1400\" height=\"933\" class=\"has-round-corners\" alt=\"\" src=\"http:\/\/atma.lv\/wp-content\/uploads\/2025\/12\/bilde-BIEDRIEM-1.jpg\" title=\"bilde BIEDRIEM (1)\" srcset=\"https:\/\/atma.lv\/wp-content\/uploads\/2025\/12\/bilde-BIEDRIEM-1.jpg 1400w, https:\/\/atma.lv\/wp-content\/uploads\/2025\/12\/bilde-BIEDRIEM-1-300x200.jpg 300w, https:\/\/atma.lv\/wp-content\/uploads\/2025\/12\/bilde-BIEDRIEM-1-1024x682.jpg 1024w, https:\/\/atma.lv\/wp-content\/uploads\/2025\/12\/bilde-BIEDRIEM-1-768x512.jpg 768w, https:\/\/atma.lv\/wp-content\/uploads\/2025\/12\/bilde-BIEDRIEM-1-18x12.jpg 18w\" sizes=\"auto, (max-width: 1400px) 100vw, 1400px\" \/>\n\n\n\n<div class=\"gb-element-7093c4c8\">\n<div class=\"color-box column\">\n<h2 class=\"gb-text font-h3\">\u0426\u0435\u043b\u044c \u043e\u0431\u0449\u0435\u0441\u0442\u0432\u0430 \u00abCentrs ATMA\u00bb:<\/h2>\n\n\n\n<p>\u0421\u043e\u0432\u0435\u0440\u0448\u0435\u043d\u0441\u0442\u0432\u043e\u0432\u0430\u043d\u0438\u0435 \u043b\u0438\u0447\u043d\u043e\u0441\u0442\u0438 \u0438 \u0441\u043e\u0434\u0435\u0439\u0441\u0442\u0432\u0438\u0435 \u0434\u0443\u0445\u043e\u0432\u043d\u043e\u043c\u0443 \u0440\u043e\u0441\u0442\u0443 \u0441 \u0438\u0441\u043f\u043e\u043b\u044c\u0437\u043e\u0432\u0430\u043d\u0438\u0435\u043c \u0437\u043d\u0430\u043d\u0438\u0439 \u0438 \u043c\u0435\u0442\u043e\u0434\u043e\u0432, \u0434\u043e\u0441\u0442\u0443\u043f\u043d\u044b\u0445 \u0446\u0435\u043d\u0442\u0440\u0443.<\/p>\n\n\n\n<h2 class=\"gb-text font-h3\">\u041e\u0441\u043d\u043e\u0432\u043d\u044b\u0435 \u043d\u0430\u043f\u0440\u0430\u0432\u043b\u0435\u043d\u0438\u044f \u0434\u0435\u044f\u0442\u0435\u043b\u044c\u043d\u043e\u0441\u0442\u0438 \u043e\u0431\u0449\u0435\u0441\u0442\u0432\u0430:<\/h2>\n\n\n\n<ul class=\"wp-block-list\">\n<li>\u0420\u0435\u0433\u0443\u043b\u044f\u0440\u043d\u0430\u044f \u043e\u0440\u0433\u0430\u043d\u0438\u0437\u0430\u0446\u0438\u044f \u0438 \u043f\u0440\u043e\u0432\u0435\u0434\u0435\u043d\u0438\u0435 \u0437\u0430\u043d\u044f\u0442\u0438\u0439, \u0441\u043f\u043e\u0441\u043e\u0431\u0441\u0442\u0432\u0443\u044e\u0449\u0438\u0445 \u043b\u0438\u0447\u043d\u043e\u0441\u0442\u043d\u043e\u043c\u0443 \u0440\u0430\u0437\u0432\u0438\u0442\u0438\u044e \u0438 \u0434\u0443\u0445\u043e\u0432\u043d\u043e\u043c\u0443 \u0440\u043e\u0441\u0442\u0443;<\/li>\n\n\n\n<li>\u041e\u0440\u0433\u0430\u043d\u0438\u0437\u0430\u0446\u0438\u044f \u0438 \u043f\u0440\u043e\u0432\u0435\u0434\u0435\u043d\u0438\u0435 \u043b\u0435\u043a\u0446\u0438\u0439, \u0441\u0435\u043c\u0438\u043d\u0430\u0440\u043e\u0432, \u0432\u044b\u0435\u0437\u0434\u043d\u044b\u0445 \u043f\u0440\u043e\u0433\u0440\u0430\u043c\u043c, \u043f\u0443\u0431\u043b\u0438\u0447\u043d\u044b\u0445 \u043c\u0435\u0440\u043e\u043f\u0440\u0438\u044f\u0442\u0438\u0439.<\/li>\n<\/ul>\n\n\n\n<h2 class=\"gb-text font-h3\">\u0426\u0435\u043b\u0438 \u043f\u0440\u0438\u0432\u043b\u0435\u0447\u0435\u043d\u0438\u044f \u0443\u0447\u0430\u0441\u0442\u043d\u0438\u043a\u043e\u0432:<\/h2>\n\n\n\n<ul class=\"wp-block-list\">\n<li>\u041e\u0431\u044a\u0435\u0434\u0438\u043d\u044f\u0442\u044c \u0435\u0434\u0438\u043d\u043e\u043c\u044b\u0448\u043b\u0435\u043d\u043d\u0438\u043a\u043e\u0432, \u0441\u043e\u0437\u0434\u0430\u0432\u0430\u044f \u0434\u043e\u0432\u0435\u0440\u0438\u0442\u0435\u043b\u044c\u043d\u0443\u044e \u0441\u0440\u0435\u0434\u0443, \u043a\u043e\u0442\u043e\u0440\u0430\u044f \u043f\u043e\u043c\u043e\u0436\u0435\u0442 \u0438 \u0432\u0434\u043e\u0445\u043d\u043e\u0432\u0438\u0442 \u043a\u0430\u0436\u0434\u043e\u0433\u043e \u0447\u0435\u043b\u043e\u0432\u0435\u043a\u0430 \u043d\u0430 \u043b\u0438\u0447\u043d\u043e\u0441\u0442\u043d\u044b\u0439 \u0440\u043e\u0441\u0442;<\/li>\n\n\n\n<li>\u0421\u043e\u0437\u0434\u0430\u0432\u0430\u0442\u044c \u0443\u044e\u0442\u043d\u044b\u0435 \u043f\u043e\u043c\u0435\u0449\u0435\u043d\u0438\u044f \u0426\u0435\u043d\u0442\u0440\u0430 ATMA, \u043a\u043e\u0442\u043e\u0440\u044b\u0435 \u0431\u0443\u0434\u0443\u0442 \u0441\u043b\u0443\u0436\u0438\u0442\u044c \u043c\u0435\u0441\u0442\u043e\u043c \u0432\u0441\u0442\u0440\u0435\u0447 \u0443\u0447\u0430\u0441\u0442\u043d\u0438\u043a\u043e\u0432 \u0434\u043b\u044f \u0437\u0430\u043d\u044f\u0442\u0438\u0439 \u0439\u043e\u0433\u043e\u0439, \u043a\u0440\u0443\u0433\u043e\u0432 \u0420\u0435\u0439\u043a\u0438, \u0432\u0435\u0434\u0438\u0447\u0435\u0441\u043a\u0438\u0445 \u0440\u0438\u0442\u0443\u0430\u043b\u043e\u0432, \u043a\u043e\u043d\u0441\u0443\u043b\u044c\u0442\u0430\u0446\u0438\u0439 \u0441\u043f\u0435\u0446\u0438\u0430\u043b\u0438\u0441\u0442\u043e\u0432, \u043d\u0435\u0431\u043e\u043b\u044c\u0448\u0438\u0445 \u0441\u0435\u043c\u0438\u043d\u0430\u0440\u043e\u0432 \u0438 \u0432\u0441\u0442\u0440\u0435\u0447 \u0443\u0447\u0430\u0441\u0442\u043d\u0438\u043a\u043e\u0432;<\/li>\n\n\n\n<li>\u041e\u0431\u0435\u0441\u043f\u0435\u0447\u0438\u0432\u0430\u0442\u044c \u0443\u0441\u0442\u043e\u0439\u0447\u0438\u0432\u043e\u0435 \u0440\u0430\u0437\u0432\u0438\u0442\u0438\u0435 \u0438 \u0441\u0442\u0430\u0431\u0438\u043b\u044c\u043d\u043e\u0441\u0442\u044c \u0426\u0435\u043d\u0442\u0440\u0430 ATMA; \u0434\u043e\u043f\u043e\u043b\u043d\u044f\u0442\u044c \u043f\u0435\u0440\u0435\u0447\u0435\u043d\u044c \u043f\u0440\u0435\u0434\u043b\u043e\u0436\u0435\u043d\u0438\u0439 \u0441\u0435\u043c\u0438\u043d\u0430\u0440\u0430\u043c\u0438 \u0438 \u043b\u0435\u043a\u0446\u0438\u044f\u043c\u0438 \u043f\u0440\u0438\u0433\u043b\u0430\u0448\u0451\u043d\u043d\u044b\u0445 \u043b\u0435\u043a\u0442\u043e\u0440\u043e\u0432, \u0441\u043f\u043e\u0441\u043e\u0431\u0441\u0442\u0432\u0443\u044f \u0441\u0430\u043c\u043e\u0440\u0430\u0437\u0432\u0438\u0442\u0438\u044e \u0443\u0447\u0430\u0441\u0442\u043d\u0438\u043a\u043e\u0432 \u0438 \u0437\u0430\u0433\u0440\u0443\u0437\u043a\u0435 \u043f\u043e\u043c\u0435\u0449\u0435\u043d\u0438\u0439 \u0446\u0435\u043d\u0442\u0440\u0430.<\/li>\n<\/ul>\n\n\n\n<h2 class=\"gb-text font-h3\">\u041f\u0440\u0435\u0438\u043c\u0443\u0449\u0435\u0441\u0442\u0432\u0430 \u0434\u043b\u044f \u0443\u0447\u0430\u0441\u0442\u043d\u0438\u043a\u043e\u0432:<\/h2>\n\n\n\n<ul class=\"wp-block-list\">\n<li>\u0421\u043a\u0438\u0434\u043a\u0438 \u043d\u0430 \u0447\u0430\u0441\u0442\u044c \u043f\u0440\u043e\u0433\u0440\u0430\u043c\u043c, \u043e\u0440\u0433\u0430\u043d\u0438\u0437\u0443\u0435\u043c\u044b\u0445 \u0426\u0435\u043d\u0442\u0440\u043e\u043c ATMA \u0432 \u041b\u0430\u0442\u0432\u0438\u0438 (\u0440\u0435\u0442\u0440\u0438\u0442\u044b, \u043b\u0435\u043a\u0446\u0438\u0438 \u0438 \u0434\u0440.), \u0433\u043e\u0441\u0442\u0435\u0432\u044b\u0435 \u043b\u0435\u043a\u0446\u0438\u0438 \u0438 \u0441\u0435\u043c\u0438\u043d\u0430\u0440\u044b \u0432 \u041b\u0430\u0442\u0432\u0438\u0438;<\/li>\n\n\n\n<li>\u0423\u0447\u0430\u0441\u0442\u043d\u0438\u043a\u0438, \u043a\u043e\u0442\u043e\u0440\u044b\u0435 \u043e\u043f\u043b\u0430\u0447\u0438\u0432\u0430\u044e\u0442 \u0447\u043b\u0435\u043d\u0441\u043a\u0438\u0439 \u0432\u0437\u043d\u043e\u0441 \u0441\u0440\u0430\u0437\u0443 \u0437\u0430 \u0432\u0435\u0441\u044c \u0433\u043e\u0434, \u043f\u043e\u043b\u0443\u0447\u0430\u044e\u0442 \u043f\u043e\u0434\u0430\u0440\u043e\u0447\u043d\u0443\u044e \u043a\u0430\u0440\u0442\u0443 \u043d\u0430 3 \u0437\u0430\u043d\u044f\u0442\u0438\u044f \u0439\u043e\u0433\u043e\u0439;<\/li>\n\n\n\n<li>\u041e\u0431\u043c\u0435\u043d \u0437\u043d\u0430\u043d\u0438\u044f\u043c\u0438, \u043e\u043f\u044b\u0442\u043e\u043c \u0438 \u043c\u043d\u0435\u043d\u0438\u044f\u043c\u0438 \u043c\u0435\u0436\u0434\u0443 \u0435\u0434\u0438\u043d\u043e\u043c\u044b\u0448\u043b\u0435\u043d\u043d\u0438\u043a\u0430\u043c\u0438 \u0432 \u0437\u0430\u043a\u0440\u044b\u0442\u043e\u0439 \u0438 \u0435\u0434\u0438\u043d\u043e\u0439 \u0433\u0440\u0443\u043f\u043f\u0435.<\/li>\n<\/ul>\n\n\n\n<h2 class=\"gb-text font-h3\">Biedru nauda<\/h2>\n\n\n\n<p><strong>Biedru nauda<\/strong> &#8211; 6 EUR\/m\u0113nes\u012b jeb 72 EUR\/gad\u0101 (\u0123imenes p\u0101riem 4,5 EUR no personas jeb 54 EUR gad\u0101\/ pers)<\/p>\n<\/div>\n<\/div>\n<\/div>\n<\/div>\n\n\n\n<section class=\"section section-has-padding alignfull\">\n<div class=\"section-container narrow-container signup__container\">\n<div class=\"section-header\">\n<h2 class=\"gb-text font-h1\">V\u0113los k\u013c\u016bt par biedru<\/h2>\n<\/div>\n\n\n<div class='fluentform ff-inherit-theme-style fluentform_wrapper_11  ff_guten_block ff_guten_block-11'><form data-form_id=\"11\" id=\"fluentform_11\" class=\"frm-fluent-form fluent_form_11 ff-el-form-top ff_form_instance_11_1 ff-form-loading ffs_inherit_theme\" data-form_instance=\"ff_form_instance_11_1\" method=\"POST\" action=\"\" ><fieldset  style=\"border: none!important;margin: 0!important;padding: 0!important;background-color: transparent!important;box-shadow: none!important;outline: none!important; min-inline-size: 100%;\">\n                    <legend class=\"ff_screen_reader_title\" style=\"display: block; margin: 0!important;padding: 0!important;height: 0!important;text-indent: -999999px;width: 0!important;overflow:hidden;\">Forma biedriem<\/legend><input type='hidden' name='__fluent_form_embded_post_id' value='1409' \/><input type=\"hidden\" id=\"_fluentform_11_fluentformnonce\" name=\"_fluentform_11_fluentformnonce\" value=\"4d56e4dc49\" \/><input type=\"hidden\" name=\"_wp_http_referer\" value=\"\/ru\/wp-json\/wp\/v2\/pages\/1409\" \/><div data-name=\"ff_cn_id_1\"  class='ff-t-container ff-column-container ff_columns_total_3'><div class='ff-t-cell ff-t-column-1' style='flex-basis: 33.33%;'><div class='ff-el-group ff-el-form-hide_label'><div class=\"ff-el-input--label ff-el-is-required asterisk-right\"><label for='ff_11_input_text' id='label_ff_11_input_text' aria-label=\"\u0418\u043c\u044f \u0438 \u0444\u0430\u043c\u0438\u043b\u0438\u044f\">\u0418\u043c\u044f \u0438 \u0444\u0430\u043c\u0438\u043b\u0438\u044f<\/label><\/div><div class='ff-el-input--content'><input type=\"text\" name=\"input_text\" class=\"ff-el-form-control\" placeholder=\"V\u0101rds, uzv\u0101rds\" data-name=\"input_text\" id=\"ff_11_input_text\"  aria-invalid=\"false\" aria-required=\"true\"><\/div><\/div><\/div><div class='ff-t-cell ff-t-column-2' style='flex-basis: 33.33%;'><div class='ff-el-group'><div class='ff-el-input--content'><input type=\"email\" name=\"email\" id=\"ff_11_email\" class=\"ff-el-form-control\" placeholder=\"\u042d\u043b\u0435\u043a\u0442\u0440\u043e\u043d\u043d\u0430\u044f \u043f\u043e\u0447\u0442\u0430\" data-name=\"email\"  aria-invalid=\"false\" aria-required=\"true\"><\/div><\/div><\/div><div class='ff-t-cell ff-t-column-3' style='flex-basis: 33.33%;'><div class='ff-el-group ff-text-left ff_submit_btn_wrapper ff_submit_btn_wrapper_custom'><button class=\"ff-btn ff-btn-submit ff-btn-md ff_btn_no_style\" type=\"submit\" name=\"custom_submit_button-11_1\" data-name=\"custom_submit_button-11_1\"  aria-label=\"Pieteikties\">Pieteikties<\/button><\/div><\/div><\/div><\/fieldset><input type=\"hidden\" name=\"trp-form-language\" value=\"ru\"\/><\/form><div id='fluentform_11_errors' class='ff-errors-in-stack ff_form_instance_11_1 ff-form-loading_errors ff_form_instance_11_1_errors'><\/div><\/div>            <script type=\"text\/javascript\">\n                window.fluent_form_ff_form_instance_11_1 = {\"id\":\"11\",\"settings\":{\"layout\":{\"labelPlacement\":\"top\",\"helpMessagePlacement\":\"with_label\",\"errorMessagePlacement\":\"inline\",\"asteriskPlacement\":\"asterisk-right\"},\"restrictions\":{\"denyEmptySubmission\":{\"enabled\":false}}},\"form_instance\":\"ff_form_instance_11_1\",\"form_id_selector\":\"fluentform_11\",\"rules\":{\"input_text\":{\"required\":{\"value\":true,\"message\":\"\\u042d\\u0442\\u043e \\u043f\\u043e\\u043b\\u0435 \\u043e\\u0431\\u044f\\u0437\\u0430\\u0442\\u0435\\u043b\\u044c\\u043d\\u043e\",\"global_message\":\"This field is required\",\"global\":true}},\"email\":{\"required\":{\"value\":true,\"message\":\"This field is required\",\"global\":false,\"global_message\":\"This field is required\"},\"email\":{\"value\":true,\"message\":\"This field must contain a valid email\",\"global\":false,\"global_message\":\"This field must contain a valid email\"}}},\"debounce_time\":300};\n                            <\/script>\n            <\/div>\n<\/section>","protected":false},"excerpt":{"rendered":"<p>Biedr\u012bbas &#8220;Centrs ATMA&#8221; m\u0113r\u0137is: Person\u012bbas pilnveido\u0161ana un gar\u012bg\u0101s izaugsmes veicin\u0101\u0161ana ar centram pieejamaj\u0101m zin\u0101\u0161an\u0101m un metod\u0113m. Biedr\u012bbas galvenie darb\u012bbas virzieni: Biedru piesaistes m\u0113r\u0137i: Biedru priek\u0161roc\u012bbas: Biedru nauda Biedru nauda &#8211; 6 EUR\/m\u0113nes\u012b jeb 72 EUR\/gad\u0101 (\u0123imenes p\u0101riem 4,5 EUR no personas jeb 54 EUR gad\u0101\/ pers) V\u0113los k\u013c\u016bt par biedru<\/p>","protected":false},"author":1,"featured_media":0,"parent":47,"menu_order":0,"comment_status":"closed","ping_status":"closed","template":"","meta":{"_acf_changed":false,"footnotes":""},"class_list":["post-1409","page","type-page","status-publish","hentry"],"blocksy_meta":[],"acf":[],"yoast_head":"<!-- This site is optimized with the Yoast SEO plugin v26.8 - https:\/\/yoast.com\/product\/yoast-seo-wordpress\/ -->\n<title>Biedriem - Atma<\/title>\n<meta name=\"robots\" content=\"index, follow, max-snippet:-1, max-image-preview:large, max-video-preview:-1\" \/>\n<link rel=\"canonical\" href=\"https:\/\/atma.lv\/ru\/mes\/biedriem\/\" \/>\n<meta property=\"og:locale\" content=\"ru_RU\" \/>\n<meta property=\"og:type\" content=\"article\" \/>\n<meta property=\"og:title\" content=\"Biedriem - Atma\" \/>\n<meta property=\"og:description\" content=\"Biedr\u012bbas &#8220;Centrs ATMA&#8221; m\u0113r\u0137is: Person\u012bbas pilnveido\u0161ana un gar\u012bg\u0101s izaugsmes veicin\u0101\u0161ana ar centram pieejamaj\u0101m zin\u0101\u0161an\u0101m un metod\u0113m. Biedr\u012bbas galvenie darb\u012bbas virzieni: Biedru piesaistes m\u0113r\u0137i: Biedru priek\u0161roc\u012bbas: Biedru nauda Biedru nauda &#8211; 6 EUR\/m\u0113nes\u012b jeb 72 EUR\/gad\u0101 (\u0123imenes p\u0101riem 4,5 EUR no personas jeb 54 EUR gad\u0101\/ pers) V\u0113los k\u013c\u016bt par biedru\" \/>\n<meta property=\"og:url\" content=\"https:\/\/atma.lv\/ru\/mes\/biedriem\/\" \/>\n<meta property=\"og:site_name\" content=\"Atma\" \/>\n<meta property=\"article:modified_time\" content=\"2026-01-12T08:46:21+00:00\" \/>\n<meta property=\"og:image\" content=\"http:\/\/atma.lv\/wp-content\/uploads\/2025\/12\/bilde-BIEDRIEM-1.jpg\" \/>\n<meta name=\"twitter:card\" content=\"summary_large_image\" \/>\n<meta name=\"twitter:label1\" content=\"\u041f\u0440\u0438\u043c\u0435\u0440\u043d\u043e\u0435 \u0432\u0440\u0435\u043c\u044f \u0434\u043b\u044f \u0447\u0442\u0435\u043d\u0438\u044f\" \/>\n\t<meta name=\"twitter:data1\" content=\"1 \u043c\u0438\u043d\u0443\u0442\u0430\" \/>\n<script type=\"application\/ld+json\" class=\"yoast-schema-graph\">{\"@context\":\"https:\/\/schema.org\",\"@graph\":[{\"@type\":\"WebPage\",\"@id\":\"https:\/\/atma.lv\/mes\/biedriem\/\",\"url\":\"https:\/\/atma.lv\/mes\/biedriem\/\",\"name\":\"Biedriem - Atma\",\"isPartOf\":{\"@id\":\"https:\/\/atma.lv\/#website\"},\"primaryImageOfPage\":{\"@id\":\"https:\/\/atma.lv\/mes\/biedriem\/#primaryimage\"},\"image\":{\"@id\":\"https:\/\/atma.lv\/mes\/biedriem\/#primaryimage\"},\"thumbnailUrl\":\"http:\/\/atma.lv\/wp-content\/uploads\/2025\/12\/bilde-BIEDRIEM-1.jpg\",\"datePublished\":\"2025-12-11T09:20:12+00:00\",\"dateModified\":\"2026-01-12T08:46:21+00:00\",\"breadcrumb\":{\"@id\":\"https:\/\/atma.lv\/mes\/biedriem\/#breadcrumb\"},\"inLanguage\":\"ru-RU\",\"potentialAction\":[{\"@type\":\"ReadAction\",\"target\":[\"https:\/\/atma.lv\/mes\/biedriem\/\"]}]},{\"@type\":\"ImageObject\",\"inLanguage\":\"ru-RU\",\"@id\":\"https:\/\/atma.lv\/mes\/biedriem\/#primaryimage\",\"url\":\"http:\/\/atma.lv\/wp-content\/uploads\/2025\/12\/bilde-BIEDRIEM-1.jpg\",\"contentUrl\":\"http:\/\/atma.lv\/wp-content\/uploads\/2025\/12\/bilde-BIEDRIEM-1.jpg\"},{\"@type\":\"BreadcrumbList\",\"@id\":\"https:\/\/atma.lv\/mes\/biedriem\/#breadcrumb\",\"itemListElement\":[{\"@type\":\"ListItem\",\"position\":1,\"name\":\"Home\",\"item\":\"https:\/\/atma.lv\/\"},{\"@type\":\"ListItem\",\"position\":2,\"name\":\"M\u0113s\",\"item\":\"https:\/\/atma.lv\/mes\/\"},{\"@type\":\"ListItem\",\"position\":3,\"name\":\"Biedriem\"}]},{\"@type\":\"WebSite\",\"@id\":\"https:\/\/atma.lv\/#website\",\"url\":\"https:\/\/atma.lv\/\",\"name\":\"Atma\",\"description\":\"Vad\u0101m jogas nodarb\u012bbas Latvij\u0101 kop\u0161 2008. gada\",\"publisher\":{\"@id\":\"https:\/\/atma.lv\/#organization\"},\"potentialAction\":[{\"@type\":\"SearchAction\",\"target\":{\"@type\":\"EntryPoint\",\"urlTemplate\":\"https:\/\/atma.lv\/?s={search_term_string}\"},\"query-input\":{\"@type\":\"PropertyValueSpecification\",\"valueRequired\":true,\"valueName\":\"search_term_string\"}}],\"inLanguage\":\"ru-RU\"},{\"@type\":\"Organization\",\"@id\":\"https:\/\/atma.lv\/#organization\",\"name\":\"Atma\",\"url\":\"https:\/\/atma.lv\/\",\"logo\":{\"@type\":\"ImageObject\",\"inLanguage\":\"ru-RU\",\"@id\":\"https:\/\/atma.lv\/#\/schema\/logo\/image\/\",\"url\":\"https:\/\/atma.lv\/wp-content\/uploads\/2025\/09\/Logo-white.svg\",\"contentUrl\":\"https:\/\/atma.lv\/wp-content\/uploads\/2025\/09\/Logo-white.svg\",\"width\":250,\"height\":49,\"caption\":\"Atma\"},\"image\":{\"@id\":\"https:\/\/atma.lv\/#\/schema\/logo\/image\/\"}}]}<\/script>\n<!-- \/ Yoast SEO plugin. -->","yoast_head_json":{"title":"Biedriem - Atma","robots":{"index":"index","follow":"follow","max-snippet":"max-snippet:-1","max-image-preview":"max-image-preview:large","max-video-preview":"max-video-preview:-1"},"canonical":"https:\/\/atma.lv\/ru\/mes\/biedriem\/","og_locale":"ru_RU","og_type":"article","og_title":"Biedriem - Atma","og_description":"Biedr\u012bbas &#8220;Centrs ATMA&#8221; m\u0113r\u0137is: Person\u012bbas pilnveido\u0161ana un gar\u012bg\u0101s izaugsmes veicin\u0101\u0161ana ar centram pieejamaj\u0101m zin\u0101\u0161an\u0101m un metod\u0113m. Biedr\u012bbas galvenie darb\u012bbas virzieni: Biedru piesaistes m\u0113r\u0137i: Biedru priek\u0161roc\u012bbas: Biedru nauda Biedru nauda &#8211; 6 EUR\/m\u0113nes\u012b jeb 72 EUR\/gad\u0101 (\u0123imenes p\u0101riem 4,5 EUR no personas jeb 54 EUR gad\u0101\/ pers) V\u0113los k\u013c\u016bt par biedru","og_url":"https:\/\/atma.lv\/ru\/mes\/biedriem\/","og_site_name":"Atma","article_modified_time":"2026-01-12T08:46:21+00:00","og_image":[{"url":"http:\/\/atma.lv\/wp-content\/uploads\/2025\/12\/bilde-BIEDRIEM-1.jpg","type":"","width":"","height":""}],"twitter_card":"summary_large_image","twitter_misc":{"\u041f\u0440\u0438\u043c\u0435\u0440\u043d\u043e\u0435 \u0432\u0440\u0435\u043c\u044f \u0434\u043b\u044f \u0447\u0442\u0435\u043d\u0438\u044f":"1 \u043c\u0438\u043d\u0443\u0442\u0430"},"schema":{"@context":"https:\/\/schema.org","@graph":[{"@type":"WebPage","@id":"https:\/\/atma.lv\/mes\/biedriem\/","url":"https:\/\/atma.lv\/mes\/biedriem\/","name":"Biedriem - Atma","isPartOf":{"@id":"https:\/\/atma.lv\/#website"},"primaryImageOfPage":{"@id":"https:\/\/atma.lv\/mes\/biedriem\/#primaryimage"},"image":{"@id":"https:\/\/atma.lv\/mes\/biedriem\/#primaryimage"},"thumbnailUrl":"http:\/\/atma.lv\/wp-content\/uploads\/2025\/12\/bilde-BIEDRIEM-1.jpg","datePublished":"2025-12-11T09:20:12+00:00","dateModified":"2026-01-12T08:46:21+00:00","breadcrumb":{"@id":"https:\/\/atma.lv\/mes\/biedriem\/#breadcrumb"},"inLanguage":"ru-RU","potentialAction":[{"@type":"ReadAction","target":["https:\/\/atma.lv\/mes\/biedriem\/"]}]},{"@type":"ImageObject","inLanguage":"ru-RU","@id":"https:\/\/atma.lv\/mes\/biedriem\/#primaryimage","url":"http:\/\/atma.lv\/wp-content\/uploads\/2025\/12\/bilde-BIEDRIEM-1.jpg","contentUrl":"http:\/\/atma.lv\/wp-content\/uploads\/2025\/12\/bilde-BIEDRIEM-1.jpg"},{"@type":"BreadcrumbList","@id":"https:\/\/atma.lv\/mes\/biedriem\/#breadcrumb","itemListElement":[{"@type":"ListItem","position":1,"name":"Home","item":"https:\/\/atma.lv\/"},{"@type":"ListItem","position":2,"name":"M\u0113s","item":"https:\/\/atma.lv\/mes\/"},{"@type":"ListItem","position":3,"name":"Biedriem"}]},{"@type":"WebSite","@id":"https:\/\/atma.lv\/#website","url":"https:\/\/atma.lv\/","name":"Atma","description":"\u041f\u0440\u0435\u043f\u043e\u0434\u0430\u0451\u043c \u0439\u043e\u0433\u0443 \u0432 \u041b\u0430\u0442\u0432\u0438\u0438 \u0441 2008 \u0433\u043e\u0434\u0430.","publisher":{"@id":"https:\/\/atma.lv\/#organization"},"potentialAction":[{"@type":"SearchAction","target":{"@type":"EntryPoint","urlTemplate":"https:\/\/atma.lv\/?s={search_term_string}"},"query-input":{"@type":"PropertyValueSpecification","valueRequired":true,"valueName":"search_term_string"}}],"inLanguage":"ru-RU"},{"@type":"Organization","@id":"https:\/\/atma.lv\/#organization","name":"Atma","url":"https:\/\/atma.lv\/","logo":{"@type":"ImageObject","inLanguage":"ru-RU","@id":"https:\/\/atma.lv\/#\/schema\/logo\/image\/","url":"https:\/\/atma.lv\/wp-content\/uploads\/2025\/09\/Logo-white.svg","contentUrl":"https:\/\/atma.lv\/wp-content\/uploads\/2025\/09\/Logo-white.svg","width":250,"height":49,"caption":"Atma"},"image":{"@id":"https:\/\/atma.lv\/#\/schema\/logo\/image\/"}}]}},"_links":{"self":[{"href":"https:\/\/atma.lv\/ru\/wp-json\/wp\/v2\/pages\/1409","targetHints":{"allow":["GET"]}}],"collection":[{"href":"https:\/\/atma.lv\/ru\/wp-json\/wp\/v2\/pages"}],"about":[{"href":"https:\/\/atma.lv\/ru\/wp-json\/wp\/v2\/types\/page"}],"author":[{"embeddable":true,"href":"https:\/\/atma.lv\/ru\/wp-json\/wp\/v2\/users\/1"}],"replies":[{"embeddable":true,"href":"https:\/\/atma.lv\/ru\/wp-json\/wp\/v2\/comments?post=1409"}],"version-history":[{"count":5,"href":"https:\/\/atma.lv\/ru\/wp-json\/wp\/v2\/pages\/1409\/revisions"}],"predecessor-version":[{"id":1581,"href":"https:\/\/atma.lv\/ru\/wp-json\/wp\/v2\/pages\/1409\/revisions\/1581"}],"up":[{"embeddable":true,"href":"https:\/\/atma.lv\/ru\/wp-json\/wp\/v2\/pages\/47"}],"wp:attachment":[{"href":"https:\/\/atma.lv\/ru\/wp-json\/wp\/v2\/media?parent=1409"}],"curies":[{"name":"wp","href":"https:\/\/api.w.org\/{rel}","templated":true}]}}